{"id":1160,"date":"2022-02-11T22:54:06","date_gmt":"2022-02-11T22:54:06","guid":{"rendered":"https:\/\/hundemotelludwig.live-website.com\/?page_id=1160"},"modified":"2025-08-05T22:53:44","modified_gmt":"2025-08-05T22:53:44","slug":"agb","status":"publish","type":"page","link":"https:\/\/hundemotel-ludwig.de\/en\/agb\/","title":{"rendered":"AGB"},"content":{"rendered":"<div data-elementor-type=\"wp-page\" data-elementor-id=\"1160\" class=\"elementor elementor-1160\">\n\t\t\t\t\t\t<section class=\"elementor-section elementor-top-section elementor-element elementor-element-a217240 elementor-section-full_width elementor-section-height-default elementor-section-height-default\" data-id=\"a217240\" data-element_type=\"section\" data-e-type=\"section\">\n\t\t\t\t\t\t<div class=\"elementor-container elementor-column-gap-default\">\n\t\t\t\t\t<div class=\"elementor-column elementor-col-100 elementor-top-column elementor-element elementor-element-19af0df\" data-id=\"19af0df\" data-element_type=\"column\" data-e-type=\"column\">\n\t\t\t<div class=\"elementor-widget-wrap elementor-element-populated\">\n\t\t\t\t\t\t<div class=\"elementor-element elementor-element-50a3a7b elementor-widget elementor-widget-heading\" data-id=\"50a3a7b\" data-element_type=\"widget\" data-e-type=\"widget\" data-widget_type=\"heading.default\">\n\t\t\t\t<div class=\"elementor-widget-container\">\n\t\t\t\t\t<h1 class=\"elementor-heading-title elementor-size-default\">Allgemeine Gesch\u00e4ftsbedingungen (AGB)<\/h1>\t\t\t\t<\/div>\n\t\t\t\t<\/div>\n\t\t\t\t<div class=\"elementor-element elementor-element-5fa6a8e elementor-view-framed elementor-shape-circle elementor-widget elementor-widget-icon\" data-id=\"5fa6a8e\" data-element_type=\"widget\" data-e-type=\"widget\" data-widget_type=\"icon.default\">\n\t\t\t\t<div class=\"elementor-widget-container\">\n\t\t\t\t\t\t\t<div class=\"elementor-icon-wrapper\">\n\t\t\t<div class=\"elementor-icon\">\n\t\t\t<i aria-hidden=\"true\" class=\"fas fa-info\"><\/i>\t\t\t<\/div>\n\t\t<\/div>\n\t\t\t\t\t\t<\/div>\n\t\t\t\t<\/div>\n\t\t\t\t<div class=\"elementor-element elementor-element-ea5dd9b elementor-widget__width-initial elementor-widget elementor-widget-text-editor\" data-id=\"ea5dd9b\" data-element_type=\"widget\" data-e-type=\"widget\" data-widget_type=\"text-editor.default\">\n\t\t\t\t<div class=\"elementor-widget-container\">\n\t\t\t\t\t\t\t\t\t<section data-id=\"_V8RYt1WZ\">\n<div>\n<div data-id=\"__9lpfOj6\">\n<div>\n<div data-id=\"_gWx_TlWY\">&nbsp;<\/div>\n<\/div>\n<\/div>\n<\/div>\n<\/section>\n<section data-container=\"true\" data-id=\"_VW_lte87\">\n<div>\n<div data-id=\"_6azRf2a1\">\n<div>\n<div data-id=\"_prRbTKnY\">\n<p data-id=\"_W8r7h7Mq\"><span data-id=\"_vjZlhg83\" data-name=\"text\">Allgemeine Gesch\u00e4ftsbedingungen f\u00fcr das Hundemotel Ludwig<\/span><\/p>\n<p>\u00a71 Allgemeines<\/p>\n<p>1.1. Zwischen dem Hundebesitzer, welcher sein Tier in unsere Betreuung gibt, und dem Hundemotel Ludwig wird ein Vertrag \u00fcber die Betreuung des Hundes geschlossen. Bestandteil jedes Betreuungsvertrages sind die nachfolgend aufgef\u00fchrten Allgemeinen Gesch\u00e4ftsbedingungen. Vor Abschluss eines jeden Betreuungsvertrages weist das Hundemotel Ludwig jeden Tierhalter ausdr\u00fccklich auf die Allgemeinen Gesch\u00e4ftsbedingungen hin. Jeder Hundehalter, der mit dem Hundemotel Ludwig einen Betreuungsvertrag abschlie\u00dft, auch online, ist mit der Geltung der folgenden Allgemeinen Gesch\u00e4ftsbedingungen einverstanden. Wenn kein schriftlicher Vertag geschlossen wurde, ist die m\u00fcndliche Absprache oder die online gebuchte Variante geltend. Die AGB&#8217;s bleiben auch in diesem Fall weiter g\u00fcltig.<\/p>\n<p>1.2. Der Hundebesitzer versichert, dass er der Eigent\u00fcmer des Hundes ist.<\/p>\n<p>1.3. Die nachfolgenden allgemeinen Gesch\u00e4ftsbedingungen gelten f\u00fcr alle Hundebetreuungsvertr\u00e4ge. Bei schriftlichen Vertr\u00e4gen sind m\u00fcndliche Vereinbarungen, die von uns eine zus\u00e4tzliche Verpflichtung beinhalten, nur bindend, wenn sie von uns auch schriftlich best\u00e4tigt werden.<\/p>\n<p>1.4. Die Betreuung kann ausschlie\u00dflich f\u00fcr Hunde, die sozialvertr\u00e4glich sind und ein freundliches Wesen gegen\u00fcber fremden Menschen haben, \u00fcbernommen werden. Der Besitzer versichert, dass sein Hund keine Gefahr f\u00fcr den Menschen und andere Hunde darstellt.<\/p>\n<p>1.5. Wir sehen uns nicht verpflichtet die Besitzverh\u00e4ltnisse des Hundes zu kl\u00e4ren. Daher verlassen wir uns auf die Angaben des Besitzers und die im Betreuungsvertrag gemachten Angaben. Der Hundeeigent\u00fcmer best\u00e4tigt alle Angaben bez\u00fcglich seine Hundes wahrheitsgem\u00e4\u00df und vollst\u00e4ndig gemacht zu haben.<\/p>\n<p>1.6. Der Besitzer erkl\u00e4rt, dass alle Angaben \u00fcber Besonderheiten des Hundes, insbesondere die Medikamentenvergabe und spezielle F\u00fctterung vollst\u00e4ndig angegeben zu haben. Das Hundemotel Ludwig \u00fcbernimmt keine Verantwortung f\u00fcr auftretende Krankheiten, Verletzungen oder den Todesfall des Hundes, sofern keine grobe Fahrl\u00e4ssigkeit vorliegt.<br>Das private Hundemotel Ludwig haftet nicht f\u00fcr Sach-, oder Personensch\u00e4den, die durch den in Pension gegebenen Hund verursacht werden. Das private Hundemotel Ludwig tr\u00e4gt jedoch daf\u00fcr Sorge, dass der Hund nach bestem Wissen und Gewissen, entsprechend den gesetzlichen Vorgaben, gehalten, ausgef\u00fchrt, versorgt und betreut wird.<\/p>\n<p>1.7. Der Hundehalter wird darauf hingewiesen, dass sein Hund auf eigene Gefahr in die Hundebetreuung gegeben wird. Dies bezieht sich ausdr\u00fccklich auf die gegebenenfalls anderen im Hundemotel Ludwig anwesenden Hunde, bzw. auf Auseinandersetzungen zwischen den Tieren und deren Folgen. Sollte ein Hund ohne Verschulden des Hundebetreuers versterben, ist eine Haftung des Hundebetreuers ausgeschlossen.<\/p>\n<p>1.8. Das Hundemotel Ludwig ist eine private Einrichtung.<\/p>\n<p>1.9. F\u00fcr Sch\u00e4den an der Einrichtung des Hundemotel Ludwig, die durch den zu betreuenden Hund des Tierhalters, w\u00e4hrend seines Aufenthaltes im Hundemotel Ludwig entstehen, \u00fcbernimmt der Hundehalter die notwendigen Reparaturkosten.<\/p>\n<p>\u00a72 Betreuungsvertrag\/Aufnahmebedingungen<\/p>\n<p>2.1. Der Hundehalter wird \u00fcber die Unterbringung und Haltung seines Tieres im Hundemotel Ludwig informiert. Eine Besichtigung der R\u00e4umlichkeiten\/Gel\u00e4ndes des Hundemotels Ludwig, durch den Hundehalter, ist ausdr\u00fccklich erw\u00fcnscht.<\/p>\n<p>2.2. Das Hundemotel Ludwig verpflichtet sich, den zu betreuenden Hund nach dem Tierschutzgesetz artgerecht zu halten, f\u00fcr reichlich Auslauf zu sorgen, zu besch\u00e4ftigen und den Hund im famili\u00e4ren Umfeld zu betreuen. Wir bieten die Hundebetreuung f\u00fcr fast alle Hunderassen bis derzeit maximal 20 kg K\u00f6rpergewicht an.<\/p>\n<p>2.3. Der Hundehalter wird unverz\u00fcglich benachrichtigt, wenn bei dem zu betreuendem Hund gesundheitliche oder psychische St\u00f6rungen auftreten, oder der Hund bei der Eingew\u00f6hnung Probleme zeigt, die das gew\u00f6hnliche Ma\u00df \u00fcberschreiten. F\u00fcr den Zeitraum der Betreuung, verpflichtet sich der Hundehalter dem Hundemotel Ludwig, seinen Aufenthaltsort und seine Telefonnummer bekannt zu geben, so dass das Hundemotel Ludwig ihn kurzfristig erreichen kann.<\/p>\n<p>2.4. Jede Erkrankung oder der Verdacht auf eine Krankheit, des in die Betreuung zu gebenden Hundes ist dem Hundemotel Ludwig ausdr\u00fccklich mitzuteilen. Das Hundemotel Ludwig \u00fcbernimmt keine Haftung f\u00fcr Erkrankungen des Hundes und deren Folgen.<\/p>\n<p>2.5. Der Hundehalter belegt mit der Vorlage des Impfpasses und der Kopie der Versicherungspolice, dass der zu betreuende Hund eine g\u00fcltige Haftplichtversicherung besitzt und einen g\u00fcltigen, gesetzlichen Impfschutz hat.<\/p>\n<p>2.6. Die Betreuung Ihres Hundes kann nur unter bestimmten Voraussetzungen und der Angabe wichtiger Informationen zu Ihrem Hund stattfinden:&nbsp;<\/p>\n<p>pet liability insurance&nbsp;<\/p>\n<p>EU pet passport with all required vaccinations<\/p>\n<p>Free of parasites and worms (deworming)<\/p>\n<p>health status of your dog, including information about medications and administration, if applicable<\/p>\n<p>adequate social behavior \u2013 your dog must be socially compatible and not aggressive towards strangers or other dogs. Your dog should be able to adapt, be comfortable in a new environment, and must not exhibit extreme separation anxiety. WARNING: We reserve the right to terminate the dog boarding agreement in the case of aggressive or psychologically problematic behavior. Costs will not be refunded in this case.<\/p>\n<p>Your dog must be house-trained, as we are not equipped for puppy care or dogs with incontinence.<\/p>\n<p>your dog must be able to climb stairs.<\/p>\n<p>successful Get-To-Know meeting<\/p>\n<p>+ die Betreuung bei uns ist nur f\u00fcr Hunderassen bis max 20 kg, nach Rasseprofil, m\u00f6glich .<\/p>\n<p>minimum age 12 months&nbsp;<\/p>\n<p>proof of registration in the Berlin Dog Register (for dogs from Berlin)<\/p>\n<p>\u00a7 3 Reservierung, Stornierung, Zahlung<\/p>\n<p>Die Reservierung kann per Email, Kontaktformular oder Buchungsanfrage auf der Webseite (online) get\u00e4tigt werden.\u2028 Eine g\u00fcltige Auftragsbest\u00e4tigung liegt dann vor, wenn die Einzelheiten des Auftrags gekl\u00e4rt sind und das Hundemotel Ludwig eine Auftragsbest\u00e4tigung in Form einer Rechnung per Email an den Hundebesitzer gesandt hat.<\/p>\n<p>Eine Stornierung seitens des Hundebesitzers kann bis 14 Werktage vor dem Tag der Anreise\/Check-in kostenfrei erfolgen. Erfolgt eine Stornierung danach, kann das Hundemotel Ludwig eine Reservierungsentsch\u00e4digung in H\u00f6he von 50% berechnen.\u2028 Bei Stornierung am Anreisetag sind 100% der Buchungskosten zu zahlen bzw. bei fr\u00fchzeitiger Abholung des Hundes erfolgt keine Erstattung der Buchungskosten, ausgenommen ist hier unsere Premium-Hundebetreuung. Bei unserer Premium-Option erhalten Sie bei fr\u00fchzeitiger Abholung ein entsprechendes Guthaben von bis zu 3 N\u00e4chten. Dieses Guthaben k\u00f6nnen Sie f\u00fcr Ihre n\u00e4chste Buchung verwenden. Eine Barauszahlung ist nicht m\u00f6glich.&nbsp;<\/p>\n<p>Die Zahlung erfolgt bargeldlos. Sie erhalten eine Rechnung. Diese k\u00f6nnen Sie online per Kreditkarte, per \u00dcberweisung oder am Tag der Anreise vor Ort per Karte und Apple\/Google Pay zahlen. Zahlungsbedingung ist der Beginn der Leistung, also sp\u00e4testens der Tag der Anreise oder das auf der Rechnung ausgewiesene F\u00e4lligkeitsdatum.<\/p>\n<p>An- und Abreise zu den auf der Webseite ausgewiesenen Zeiten. Sie k\u00f6nnen gegen Aufpreis gern fr\u00fcher anreisen und\/oder sp\u00e4ter abreisen.<\/p>\n<p>Please note: For bookings more than 45 days in the future at the time of the initial booking request, a non-refundable deposit of 20% of the total price is required in advance to reserve the booking.<\/p>\n<p>Saisonzuschlag: zu Ostern und im Zeitraum vom 24.12. &#8211; 02.01. des jeweiligen Jahres berechnen wir gesonderte Aufschl\u00e4ge. Diese werden bei der Buchungsanfrage automatisch mitberechnet.<\/p>\n<p>\u00a7 3.1 Gutscheine<\/p>\n<p>Gutscheine sind nur \u00fcber das Online Buchungssystem einl\u00f6sbar. Gratis Gutscheine zum Newsletter und andere Rabattaktionen k\u00f6nnen jederzeit die G\u00fcltigkeit verlieren. Ein Anspruch darauf besteht nicht. Eine Barauszahlung ist ausgeschlossen.&nbsp;<\/p>\n<p>\u00a7 4 Film-, Bild- und Tonaufnahmen &amp; Updates<br>Der Hundebesitzer erkl\u00e4rt seine ausdr\u00fcckliche Zustimmung zu einer Verwendung und Ver\u00f6ffentlichung von Film-\/Fotoaufnahmen seines Hundes, welche w\u00e4hrend dessen Aufenthaltes erstellt wurden -gleich zu welchem Zweck-. Der Kunde verzichtet auf die Geltendmachung jeglicher Verg\u00fctung<\/p>\n<p><span style=\"font-family: 'Trebuchet MS', Helvetica, sans-serif; font-size: 14px; font-style: normal; font-variant-caps: normal; -webkit-text-size-adjust: 100%;\">Bei unserer Hundebetreuung halten wir Sie im Urlaub gern auf dem Laufenden in Form von Updates und Bildern z.Bsp. per WhatsApp. Bitte haben Sie jedoch Verst\u00e4ndnis daf\u00fcr, dass wir diese Updates gelegentlich und nach eigenem Ermessen bereitstellen. T\u00e4gliche Updates stellen wir gern bei unserer Premium-Hundebetreuung bereit.&nbsp;<\/span><\/p>\n<p>\u00a7 5 Schlussbestimmungen\u2028<br>Sollten einzelne der vorgenannten Bestimmungen ung\u00fcltig oder unwirksam sein oder werden, oder aus anderen Rechtsgr\u00fcnden nicht durchgef\u00fchrt werden k\u00f6nnen, wird die G\u00fcltigkeit des Vertrages hierdurch nicht ber\u00fchrt. Die Vertragspartner verpflichten sich vielmehr, ung\u00fcltige oder unwirksame oder nicht durchf\u00fchrbare Bestimmungen durch andere Regelungen zu ersetzen, die dem angestrebten Zweck und der wirtschaftlichen Zielsetzung der unwirksamen oder ung\u00fcltigen Regelung gerecht werden. \u00c4nderungen oder Erg\u00e4nzungen dieses Vertrages bed\u00fcrfen zu ihrer Wirksamkeit der schriftlichen Best\u00e4tigung.<\/p>\n<p>Stand: Januar 2025<\/p>\n<\/div>\n<\/div>\n<\/div>\n<\/div>\n<\/section>\t\t\t\t\t\t\t\t<\/div>\n\t\t\t\t<\/div>\n\t\t\t\t\t<\/div>\n\t\t<\/div>\n\t\t\t\t\t<\/div>\n\t\t<\/section>\n\t\t\t\t<\/div>","protected":false},"excerpt":{"rendered":"<p>Allgemeine Gesch\u00e4ftsbedingungen (AGB) &nbsp; Allgemeine Gesch\u00e4ftsbedingungen f\u00fcr das Hundemotel Ludwig \u00a71 Allgemeines 1.1. Zwischen dem Hundebesitzer, welcher sein Tier in unsere Betreuung gibt, und dem Hundemotel Ludwig wird ein Vertrag \u00fcber die Betreuung des Hundes geschlossen. Bestandteil jedes Betreuungsvertrages sind die nachfolgend aufgef\u00fchrten Allgemeinen Gesch\u00e4ftsbedingungen. Vor Abschluss eines jeden Betreuungsvertrages weist das Hundemotel Ludwig jeden [&hellip;]<\/p>\n","protected":false},"author":1,"featured_media":0,"parent":0,"menu_order":0,"comment_status":"closed","ping_status":"closed","template":"","meta":{"ocean_post_layout":"full-width","ocean_both_sidebars_style":"","ocean_both_sidebars_content_width":0,"ocean_both_sidebars_sidebars_width":0,"ocean_sidebar":"0","ocean_second_sidebar":"0","ocean_disable_margins":"enable","ocean_add_body_class":"","ocean_shortcode_before_top_bar":"","ocean_shortcode_after_top_bar":"","ocean_shortcode_before_header":"","ocean_shortcode_after_header":"","ocean_has_shortcode":"","ocean_shortcode_after_title":"","ocean_shortcode_before_footer_widgets":"","ocean_shortcode_after_footer_widgets":"","ocean_shortcode_before_footer_bottom":"","ocean_shortcode_after_footer_bottom":"","ocean_display_top_bar":"default","ocean_display_header":"default","ocean_header_style":"","ocean_center_header_left_menu":"0","ocean_custom_header_template":"0","ocean_custom_logo":0,"ocean_custom_retina_logo":0,"ocean_custom_logo_max_width":0,"ocean_custom_logo_tablet_max_width":0,"ocean_custom_logo_mobile_max_width":0,"ocean_custom_logo_max_height":0,"ocean_custom_logo_tablet_max_height":0,"ocean_custom_logo_mobile_max_height":0,"ocean_header_custom_menu":"0","ocean_menu_typo_font_family":"0","ocean_menu_typo_font_subset":"","ocean_menu_typo_font_size":0,"ocean_menu_typo_font_size_tablet":0,"ocean_menu_typo_font_size_mobile":0,"ocean_menu_typo_font_size_unit":"px","ocean_menu_typo_font_weight":"","ocean_menu_typo_font_weight_tablet":"","ocean_menu_typo_font_weight_mobile":"","ocean_menu_typo_transform":"","ocean_menu_typo_transform_tablet":"","ocean_menu_typo_transform_mobile":"","ocean_menu_typo_line_height":0,"ocean_menu_typo_line_height_tablet":0,"ocean_menu_typo_line_height_mobile":0,"ocean_menu_typo_line_height_unit":"","ocean_menu_typo_spacing":0,"ocean_menu_typo_spacing_tablet":0,"ocean_menu_typo_spacing_mobile":0,"ocean_menu_typo_spacing_unit":"","ocean_menu_link_color":"","ocean_menu_link_color_hover":"","ocean_menu_link_color_active":"","ocean_menu_link_background":"","ocean_menu_link_hover_background":"","ocean_menu_link_active_background":"","ocean_menu_social_links_bg":"","ocean_menu_social_hover_links_bg":"","ocean_menu_social_links_color":"","ocean_menu_social_hover_links_color":"","ocean_disable_title":"on","ocean_disable_heading":"default","ocean_post_title":"","ocean_post_subheading":"","ocean_post_title_style":"","ocean_post_title_background_color":"","ocean_post_title_background":0,"ocean_post_title_bg_image_position":"","ocean_post_title_bg_image_attachment":"","ocean_post_title_bg_image_repeat":"","ocean_post_title_bg_image_size":"","ocean_post_title_height":0,"ocean_post_title_bg_overlay":0.5,"ocean_post_title_bg_overlay_color":"","ocean_disable_breadcrumbs":"default","ocean_breadcrumbs_color":"","ocean_breadcrumbs_separator_color":"","ocean_breadcrumbs_links_color":"","ocean_breadcrumbs_links_hover_color":"","ocean_display_footer_widgets":"default","ocean_display_footer_bottom":"default","ocean_custom_footer_template":"0","footnotes":""},"class_list":["post-1160","page","type-page","status-publish","hentry","entry"],"aioseo_notices":[],"_links":{"self":[{"href":"https:\/\/hundemotel-ludwig.de\/en\/wp-json\/wp\/v2\/pages\/1160","targetHints":{"allow":["GET"]}}],"collection":[{"href":"https:\/\/hundemotel-ludwig.de\/en\/wp-json\/wp\/v2\/pages"}],"about":[{"href":"https:\/\/hundemotel-ludwig.de\/en\/wp-json\/wp\/v2\/types\/page"}],"author":[{"embeddable":true,"href":"https:\/\/hundemotel-ludwig.de\/en\/wp-json\/wp\/v2\/users\/1"}],"replies":[{"embeddable":true,"href":"https:\/\/hundemotel-ludwig.de\/en\/wp-json\/wp\/v2\/comments?post=1160"}],"version-history":[{"count":48,"href":"https:\/\/hundemotel-ludwig.de\/en\/wp-json\/wp\/v2\/pages\/1160\/revisions"}],"predecessor-version":[{"id":3267,"href":"https:\/\/hundemotel-ludwig.de\/en\/wp-json\/wp\/v2\/pages\/1160\/revisions\/3267"}],"wp:attachment":[{"href":"https:\/\/hundemotel-ludwig.de\/en\/wp-json\/wp\/v2\/media?parent=1160"}],"curies":[{"name":"wp","href":"https:\/\/api.w.org\/{rel}","templated":true}]}}