{"id":1904,"date":"2022-12-30T01:37:24","date_gmt":"2022-12-30T01:37:24","guid":{"rendered":"https:\/\/hundemotel-ludwig.de\/?page_id=1904"},"modified":"2025-08-06T20:26:09","modified_gmt":"2025-08-06T20:26:09","slug":"buchungsanfrage","status":"publish","type":"page","link":"https:\/\/hundemotel-ludwig.de\/en\/buchungsanfrage\/","title":{"rendered":"Online booking"},"content":{"rendered":"\t\t<div data-elementor-type=\"wp-page\" data-elementor-id=\"1904\" class=\"elementor elementor-1904\">\n\t\t\t\t\t\t<section class=\"elementor-section elementor-top-section elementor-element elementor-element-9b04dc7 elementor-section-full_width elementor-section-content-middle elementor-section-height-default elementor-section-height-default\" data-id=\"9b04dc7\" data-element_type=\"section\" data-e-type=\"section\">\n\t\t\t\t\t\t<div class=\"elementor-container elementor-column-gap-default\">\n\t\t\t\t\t<div class=\"elementor-column elementor-col-50 elementor-top-column elementor-element elementor-element-3774810\" data-id=\"3774810\" data-element_type=\"column\" data-e-type=\"column\" data-settings=\"{&quot;background_background&quot;:&quot;classic&quot;}\">\n\t\t\t<div class=\"elementor-widget-wrap elementor-element-populated\">\n\t\t\t\t\t\t<div class=\"elementor-element elementor-element-20b850c elementor-widget elementor-widget-image\" data-id=\"20b850c\" data-element_type=\"widget\" data-e-type=\"widget\" data-widget_type=\"image.default\">\n\t\t\t\t<div class=\"elementor-widget-container\">\n\t\t\t\t\t\t\t\t\t\t\t\t\t\t\t<img fetchpriority=\"high\" decoding=\"async\" width=\"768\" height=\"512\" src=\"https:\/\/hundemotel-ludwig.de\/wp-content\/uploads\/2023\/03\/sharon-mccutcheon-h1RMkGPWMMo-unsplash-768x512.jpg\" class=\"attachment-medium_large size-medium_large wp-image-1993\" alt=\"Hund schaut unter Pride Flagge hervor\" srcset=\"https:\/\/hundemotel-ludwig.de\/wp-content\/uploads\/2023\/03\/sharon-mccutcheon-h1RMkGPWMMo-unsplash-768x512.jpg 768w, https:\/\/hundemotel-ludwig.de\/wp-content\/uploads\/2023\/03\/sharon-mccutcheon-h1RMkGPWMMo-unsplash-300x200.jpg 300w, https:\/\/hundemotel-ludwig.de\/wp-content\/uploads\/2023\/03\/sharon-mccutcheon-h1RMkGPWMMo-unsplash-1024x683.jpg 1024w, https:\/\/hundemotel-ludwig.de\/wp-content\/uploads\/2023\/03\/sharon-mccutcheon-h1RMkGPWMMo-unsplash-1536x1024.jpg 1536w, https:\/\/hundemotel-ludwig.de\/wp-content\/uploads\/2023\/03\/sharon-mccutcheon-h1RMkGPWMMo-unsplash-2048x1365.jpg 2048w\" sizes=\"(max-width: 768px) 100vw, 768px\" \/>\t\t\t\t\t\t\t\t\t\t\t\t\t\t\t<\/div>\n\t\t\t\t<\/div>\n\t\t\t\t\t<\/div>\n\t\t<\/div>\n\t\t\t\t<div class=\"elementor-column elementor-col-50 elementor-top-column elementor-element elementor-element-0f96c50\" data-id=\"0f96c50\" data-element_type=\"column\" data-e-type=\"column\">\n\t\t\t<div class=\"elementor-widget-wrap elementor-element-populated\">\n\t\t\t\t\t\t<div class=\"elementor-element elementor-element-6a4c676 elementor-widget elementor-widget-text-editor\" data-id=\"6a4c676\" data-element_type=\"widget\" data-e-type=\"widget\" data-widget_type=\"text-editor.default\">\n\t\t\t\t<div class=\"elementor-widget-container\">\n\t\t\t\t\t\t\t\t\t<h2>Buchungsanfrage<\/h2><p>Bitte stellen Sie Ihre Buchungsanfrage f\u00fcr die Hundebetreuung mit \u00dcbernachtung. <strong>W\u00e4hlen Sie das gew\u00fcnschte Anreise- und Abreisedatum (Check-in und Check-out), sowie die Anzahl der Hundeg\u00e4ste.<\/strong> Wir freuen uns auf Ihre Buchungsanfrage. <strong>Neue G\u00e4ste<\/strong>, welche noch nie bei uns in der Betreuung waren, oder bei Interesse an der Tagesbetreuung ohne \u00dcbernachtung, buchen bitte zun\u00e4chst ein erstes <strong><a href=\"https:\/\/hundemotel-ludwig.de\/kennenlern-treffen\/\">Kennenlern-Treffen<\/a>.<\/strong>\u00a0<\/p>\t\t\t\t\t\t\t\t<\/div>\n\t\t\t\t<\/div>\n\t\t\t\t\t<\/div>\n\t\t<\/div>\n\t\t\t\t\t<\/div>\n\t\t<\/section>\n\t\t\t\t<section class=\"elementor-section elementor-top-section elementor-element elementor-element-2caedeb elementor-section-boxed elementor-section-height-default elementor-section-height-default\" data-id=\"2caedeb\" data-element_type=\"section\" data-e-type=\"section\">\n\t\t\t\t\t\t<div class=\"elementor-container elementor-column-gap-default\">\n\t\t\t\t\t<div class=\"elementor-column elementor-col-100 elementor-top-column elementor-element elementor-element-62f7c50\" data-id=\"62f7c50\" data-element_type=\"column\" data-e-type=\"column\" data-settings=\"{&quot;background_background&quot;:&quot;classic&quot;}\">\n\t\t\t<div class=\"elementor-widget-wrap elementor-element-populated\">\n\t\t\t\t\t\t<div class=\"elementor-element elementor-element-7481244 elementor-widget elementor-widget-wp-widget-mod_vikbooking_horizontalsearch\" data-id=\"7481244\" data-element_type=\"widget\" data-e-type=\"widget\" data-widget_type=\"wp-widget-mod_vikbooking_horizontalsearch.default\">\n\t\t\t\t<div class=\"elementor-widget-container\">\n\t\t\t\t\t\n<div class=\"vbmodhorsearchmaindiv vbo-horizsearch-humanformat-wrap\">\n\t<form action=\"https:\/\/hundemotel-ludwig.de\/en\/ba-search\/?task=search\" method=\"post\" id=\"vbo-mod-horsearch-form-653\">\n\t\t<input type=\"hidden\" name=\"task\" value=\"search\" \/>\n\t\t<div class=\"vbmodhorsearch-hum-dates-wrap\">\n\t\t\t<div class=\"vbmodhorsearch-humcalcont vbmodhorsearchcheckindiv\">\n\t\t\t\t<label class=\"vbo-horizsearch-lbl-dt-653\">Check-In Date<\/label>\n\t\t\t\t<div class=\"vbo-horizsearch-showcalendar vbo-horizsearch-showcalendar-from\" id=\"vbo-horizsearch-checkin653\">\n\t\t\t\t\t<i class=\"far fa-calendar-alt\"><\/i>\t\t\t\t\t<span class=\"vbo-horizsearch-placeholder\">Select date<\/span>\n\t\t\t\t\t<div id=\"vbo-horizsearch-period653-from\" class=\"vbo-horizsearch-period-from\">\n\t\t\t\t\t\t<span class=\"vbo-horizsearch-period-mday\"><\/span>\n\t\t\t\t\t\t<div class=\"vbo-horizsearch-period-dt\">\n\t\t\t\t\t\t\t<span class=\"vbo-horizsearch-period-month\"><\/span>\n\t\t\t\t\t\t\t<span class=\"vbo-horizsearch-period-year\"><\/span>\n\t\t\t\t\t\t\t<span class=\"vbo-horizsearch-period-wday\"><\/span>\n\t\t\t\t\t\t<\/div>\n\t\t\t\t\t<\/div>\n\t\t\t\t<\/div>\n\t\t\t\t<div class=\"vbo-horizsearch-dpicker-cont vbo-horizsearch-dpicker-from\" id=\"checkindatemod653\" style=\"display: none;\"><\/div>\n\t\t\t\t<input type=\"hidden\" name=\"checkindate\" id=\"inp-checkindatemod653\"\/>\n\t\t\t\t<input type=\"hidden\" name=\"checkinh\" value=\"14\"\/>\n\t\t\t\t<input type=\"hidden\" name=\"checkinm\" value=\"0\"\/>\n\t\t\t<\/div>\n\t\t\t<div class=\"vbmodhorsearch-humcalcont vbmodhorsearchcheckoutdiv\">\n\t\t\t\t<label class=\"vbo-horizsearch-lbl-dt-653\">Check-Out Date<\/label>\n\t\t\t\t<div class=\"vbo-horizsearch-showcalendar vbo-horizsearch-showcalendar-to\" id=\"vbo-horizsearch-checkout653\">\n\t\t\t\t\t<i class=\"far fa-calendar-alt\"><\/i>\t\t\t\t\t<span class=\"vbo-horizsearch-placeholder\">Select date<\/span>\n\t\t\t\t\t<div id=\"vbo-horizsearch-period653-to\" class=\"vbo-horizsearch-period-to\">\n\t\t\t\t\t\t<span class=\"vbo-horizsearch-period-mday\"><\/span>\n\t\t\t\t\t\t<div class=\"vbo-horizsearch-period-dt\">\n\t\t\t\t\t\t\t<span class=\"vbo-horizsearch-period-month\"><\/span>\n\t\t\t\t\t\t\t<span class=\"vbo-horizsearch-period-year\"><\/span>\n\t\t\t\t\t\t\t<span class=\"vbo-horizsearch-period-wday\"><\/span>\n\t\t\t\t\t\t<\/div>\n\t\t\t\t\t<\/div>\n\t\t\t\t<\/div>\n\t\t\t\t<div class=\"vbo-horizsearch-dpicker-cont vbo-horizsearch-dpicker-to\" id=\"checkoutdatemod653\" style=\"display: none;\"><\/div>\n\t\t\t\t<input type=\"hidden\" name=\"checkoutdate\" id=\"inp-checkoutdatemod653\"\/>\n\t\t\t\t<input type=\"hidden\" name=\"checkouth\" value=\"19\"\/>\n\t\t\t\t<input type=\"hidden\" name=\"checkoutm\" value=\"0\"\/>\n\t\t\t<\/div>\n\t\t\t<div class=\"vbmodhorsearchtotnights\" id=\"vbjstotnightsmod653\"><\/div>\n\t\t<\/div>\n\t\t\t<div class=\"vbmodhorsearch-hum-guests-wrap\">\n\t\t\t\n\t\t\t<label onclick=\"jQuery('#vbmodhorsearch-hum-guests-count653').trigger('click');\">Guests<\/label>\n\n\t\t\t<div class=\"vbmodhorsearch-hum-guests-count\" id=\"vbmodhorsearch-hum-guests-count653\">\n\t\t\t\t<div class=\"vbmodhorsearch-hum-guests-elem vbmodhorsearch-hum-guests-rooms\" style=\"display: none;\">\n\t\t\t\t\t<label>Rooms<\/label>\n\t\t\t\t\t<span id=\"vbmodhorsearch-hum-guests-rooms653\">1<\/span>\n\t\t\t\t<\/div>\n\t\t\t\t<div class=\"vbmodhorsearch-hum-guests-elem vbmodhorsearch-hum-guests-adults\">\n\t\t\t\t\t<label>Adults<\/label>\n\t\t\t\t\t<span id=\"vbmodhorsearch-hum-guests-adults653\">1<\/span>\n\t\t\t\t<\/div>\n\t\t\t\t\t\t<\/div>\n\t\t\t\n\t\t\t<div class=\"vbmodhorsearch-hum-guests-modifier\" style=\"display: none;\">\n\t\t\t\t<div class=\"vbmodhorsearch-hum-guests-modifier-inner\">\n\t\t\t\t\n\t\t\t\t<input type=\"hidden\" name=\"roomsnum\" value=\"1\">\n\t\t\t\t\t<div class=\"vbmodhorsearchroomdentr\">\n\t\t\t\t\t\t<div class=\"vbmodhorsearchroomdentrfirst\">\n\t\t\t\t\t\t\t\t\t\t\t\t\t<div class=\"horsanumdiv\">\n\t\t\t\t\t\t\t\t<label class=\"horsanumlb\">Adults<\/label>\n\t\t\t\t\t\t\t\t<span class=\"horsanumsel\"><select name=\"adults[]\" onchange=\"vbCountTotGuests653();\"><option value=\"1\">1<\/option><option value=\"2\">2<\/option><option value=\"3\">3<\/option><\/select><\/span>\n\t\t\t\t\t\t\t<\/div>\n\t\t\t\t\t\t\t\t\t\t\t\t\t<\/div>\n\t\t\t\t\t\t<div class=\"vbmoreroomscontmod\" id=\"vbmoreroomscontmod653\"><\/div>\n\t\t\t\t\t<\/div>\n\n\t\t\t\t<\/div>\n\t\t\t<\/div>\n\n\t\t<\/div>\n\t\t\t<div class=\"vbmodhorsearchbookdiv\">\n\t\t\t<input type=\"submit\" name=\"search\" value=\"Book Now\" class=\"btn vbsearchinputmodhors vbo-pref-color-btn\"\/>\n\t\t<\/div>\n\t\t<\/form>\n<\/div>\n\n<div class=\"vbo-modhs-js-helpers\" style=\"display: none;\">\n\t<div class=\"vbo-modhs-add-element-html\">\n\t\t<div class=\"vbmodhorsearchroomdentr\">\n\t\t\t<span class=\"horsrnum\">Room %d<\/span>\n\t\t\t<div class=\"horsanumdiv\">\n\t\t\t\t<span class=\"horsanumsel\"><select name=\"adults[]\" onchange=\"vbCountTotGuests653();\"><option value=\"1\">1<\/option><option value=\"2\">2<\/option><option value=\"3\">3<\/option><\/select><\/span>\n\t\t\t\t\t\t<\/div>\n\t\t<\/div>\n\t<\/div>\n<\/div>\n\n<script type=\"text\/javascript\">\nfunction vboModHorSearchSendRequest(elem, formId) {\n\tvar form_el = document.getElementById('vbo-mod-horsearch-form-' + formId);\n\tif (!form_el) {\n\t\tconsole.error('form not found', formId);\n\t\treturn false;\n\t}\n\n\t\/\/ valid all form required fields\n\tif (typeof form_el.checkValidity === 'function' && !form_el.checkValidity()) {\n\t\t\/\/ modern browsers will support this HTML5 method to check the form required fields\n\t\talert(Joomla.JText._('VBO_PLEASE_FILL_FIELDS'));\n\t\treturn false;\n\t}\n\n\t\/\/ make sure the dates have been selected\n\tvar checkin_date_el = jQuery(form_el).find('input[name=\"checkindate\"]');\n\tvar checkout_date_el = jQuery(form_el).find('input[name=\"checkoutdate\"]');\n\tif (!checkin_date_el.length || !checkin_date_el.val().length || !checkout_date_el.length || !checkout_date_el.val().length) {\n\t\talert(Joomla.JText._('VBO_PLEASE_SEL_DATES'));\n\t\treturn false;\n\t}\n\t\/\/ make sure the dates are not identical to have a min stay of 1 night\n\t\/\/ as by default the datepicker could set equal dates to the hidden fields.\n\tif (checkin_date_el.val() == checkout_date_el.val()) {\n\t\talert(Joomla.JText._('VBO_PLEASE_SEL_DATES'));\n\t\treturn false;\n\t}\n\n\t\/\/ disable the send request button to avoid double submissions\n\telem.disabled = true;\n\t\n\t\/\/ get form values\n\tvar qstring = jQuery(form_el).serialize();\n\n\t\/\/ make sure the task is not set\n\tqstring = qstring.replace('task=search', '');\n\tqstring = qstring.replace('view=search', '');\n\n\t\/\/ make the ajax request to the controller\n\tjQuery.ajax({\n\t\ttype: \"POST\",\n\t\turl: \"https:\/\/hundemotel-ludwig.de\/wp-admin\/admin-ajax.php?task=submit_inquiry&Itemid=3173&action=vikbooking&vik_ajax_client=site\",\n\t\tdata: qstring\n\t}).done(function(res) {\n\t\tif (!res.hasOwnProperty('status')) {\n\t\t\talert('Invalid response');\n\t\t\t\/\/ re-enable the button\n\t\t\telem.disabled = false;\n\t\t\treturn false;\n\t\t}\n\t\tif (!res.status) {\n\t\t\talert(res.error);\n\t\t\t\/\/ re-enable the button\n\t\t\telem.disabled = false;\n\t\t\treturn false;\n\t\t}\n\t\t\/\/ show success message by replacing all fields\n\t\tjQuery('.vbo-mod-horsearch-inquiry-fields').html('<p class=\"vbo-mod-horsearch-inquiry-mess-success\">' + Joomla.JText._('VBO_THANKS_INQ_SUBMITTED') + '<\/p>');\n\t\t\/\/ remove submit button container\n\t\tjQuery('.vbo-mod-horsearch-inquiry-submit').remove();\n\t}).fail(function(err) {\n\t\talert(err.responseText);\n\t\t\/\/ re-enable the button\n\t\telem.disabled = false;\n\t});\n}\n\nfunction vboModHorSearchBookOnline(formId) {\n\tvar form_el = document.getElementById('vbo-mod-horsearch-form-' + formId);\n\tif (!form_el) {\n\t\tconsole.error('form not found', formId);\n\t\treturn false;\n\t}\n\n\t\/\/ we need to let a button of type button trigger the submit of the \"check availability\"\n\t\/\/ or in case of inquiry, the browser will check the validity of the required fields.\n\n\t\/\/ we only check if the dates have been selected\n\tvar checkin_date_el = jQuery(form_el).find('input[name=\"checkindate\"]');\n\tvar checkout_date_el = jQuery(form_el).find('input[name=\"checkoutdate\"]');\n\tif (!checkin_date_el.length || !checkin_date_el.val().length || !checkout_date_el.length || !checkout_date_el.val().length) {\n\t\talert(Joomla.JText._('VBO_PLEASE_SEL_DATES'));\n\t\treturn false;\n\t}\n\n\t\/\/ make sure the dates are not identical to have a min stay of 1 night\n\t\/\/ as by default the datepicker could set equal dates to the hidden fields.\n\tif (checkin_date_el.val() == checkout_date_el.val()) {\n\t\talert(Joomla.JText._('VBO_PLEASE_SEL_DATES'));\n\t\treturn false;\n\t}\n\n\t\/\/ simply submit the form to start the booking process\n\tform_el.submit();\n\n\treturn true;\n}\n\nfunction vbAddElementMod653() {\n\tvar ni = document.getElementById('vbmoreroomscontmod653');\n\tvar numi = document.getElementById('vbroomhelpermod653');\n\tvar num = (document.getElementById('vbroomhelpermod653').value -1)+ 2;\n\tnumi.value = num;\n\tvar newdiv = document.createElement('div');\n\tvar divIdName = 'vb'+num+'racont';\n\tnewdiv.setAttribute('id', divIdName);\n\tvar new_element_html = document.getElementsByClassName('vbo-modhs-add-element-html')[0].innerHTML;\n\tvar rp_rgx = new RegExp('%d', 'g');\n\tnewdiv.innerHTML = new_element_html.replace(rp_rgx, num);\n\tni.appendChild(newdiv);\n}\n\nfunction vbSetRoomsAdultsMod653(totrooms) {\n\tvar actrooms = parseInt(document.getElementById('vbroomhelpermod653').value);\n\tvar torooms = parseInt(totrooms);\n\tvar difrooms;\n\tif (torooms > actrooms) {\n\t\tdifrooms = torooms - actrooms;\n\t\tfor (var ir = 1; ir <= difrooms; ir++) {\n\t\t\tvbAddElementMod653();\n\t\t}\n\t}\n\tif (torooms < actrooms) {\n\t\tfor (var ir = actrooms; ir > torooms; ir--) {\n\t\t\tif (ir > 1) {\n\t\t\t\tvar rmra = document.getElementById('vb' + ir + 'racont');\n\t\t\t\trmra.parentNode.removeChild(rmra);\n\t\t\t}\n\t\t}\n\t\tdocument.getElementById('vbroomhelpermod653').value = torooms;\n\t}\n\tif (document.getElementById('vbmodhorsearch-hum-guests-rooms653')) {\n\t\tdocument.getElementById('vbmodhorsearch-hum-guests-rooms653').innerText = torooms;\n\t\tvbCountTotGuests653();\n\t}\n}\n\nfunction vbCountTotGuests653() {\n\tif (!document.getElementById('vbmodhorsearch-hum-guests-rooms653')) {\n\t\treturn;\n\t}\n\tvar totadults = 0;\n\tvar totchildren = 0;\n\tjQuery('#vbmodhorsearch-hum-guests-count653').parent().find('select[name=\"adults[]\"]').each(function() {\n\t\tvar curel = jQuery(this).find('option:selected');\n\t\tif (curel.length) {\n\t\t\ttotadults += parseInt(curel.val());\n\t\t}\n\t});\n\tjQuery('#vbmodhorsearch-hum-guests-adults653').text(totadults);\n\tif (jQuery('#vbmodhorsearch-hum-guests-children653').length) {\n\t\tjQuery('#vbmodhorsearch-hum-guests-count653').parent().find('select[name=\"children[]\"]').each(function() {\n\t\t\tvar curel = jQuery(this).find('option:selected');\n\t\t\tif (curel.length) {\n\t\t\t\ttotchildren += parseInt(curel.val());\n\t\t\t}\n\t\t});\n\t\tjQuery('#vbmodhorsearch-hum-guests-children653').text(totchildren);\n\t}\n}\n\nfunction vbCalcNightsMod653() {\n\tvar vbcheckin = document.getElementById('checkindatemod653').value;\n\tvar vbcheckout = document.getElementById('checkoutdatemod653').value;\n\tif (vbcheckin.length > 0 && vbcheckout.length > 0) {\n\t\tvar vbcheckinp = vbcheckin.split(\"\/\");\n\t\tvar vbcheckoutp = vbcheckout.split(\"\/\");\n\t\t\tvar vbinmonth = parseInt(vbcheckinp[1]);\n\t\tvbinmonth = vbinmonth - 1;\n\t\tvar vbinday = parseInt(vbcheckinp[0], 10);\n\t\tvar vbcheckind = new Date(vbcheckinp[2], vbinmonth, vbinday);\n\t\tvar vboutmonth = parseInt(vbcheckoutp[1]);\n\t\tvboutmonth = vboutmonth - 1;\n\t\tvar vboutday = parseInt(vbcheckoutp[0], 10);\n\t\tvar vbcheckoutd = new Date(vbcheckoutp[2], vboutmonth, vboutday);\n\t\t\t\tvar vbdivider = 1000 * 60 * 60 * 24;\n\t\tvar vbints = vbcheckind.getTime();\n\t\tvar vboutts = vbcheckoutd.getTime();\n\t\tif (vboutts > vbints) {\n\t\t\t\/\/var vbnights = Math.ceil((vboutts - vbints) \/ (vbdivider));\n\t\t\tvar utc1 = Date.UTC(vbcheckind.getFullYear(), vbcheckind.getMonth(), vbcheckind.getDate());\n\t\t\tvar utc2 = Date.UTC(vbcheckoutd.getFullYear(), vbcheckoutd.getMonth(), vbcheckoutd.getDate());\n\t\t\tvar vbnights = Math.ceil((utc2 - utc1) \/ vbdivider);\n\t\t\tif (vbnights > 0) {\n\t\t\t\tdocument.getElementById('vbjstotnightsmod653').innerHTML = '<div class=\"vbo-horizsearch-numnights-inner\"><span>Nights:<\/span> <span>'+vbnights+'<\/span><\/div>';\n\t\t\t} else {\n\t\t\t\tdocument.getElementById('vbjstotnightsmod653').innerHTML = '';\n\t\t\t}\n\t\t} else {\n\t\t\tdocument.getElementById('vbjstotnightsmod653').innerHTML = '';\n\t\t}\n\t} else {\n\t\tdocument.getElementById('vbjstotnightsmod653').innerHTML = '';\n\t}\n}\n<\/script>\n\n<input type=\"hidden\" id=\"vbroomhelpermod653\" value=\"1\"\/>\n\t\t\t\t<\/div>\n\t\t\t\t<\/div>\n\t\t\t\t\t<\/div>\n\t\t<\/div>\n\t\t\t\t\t<\/div>\n\t\t<\/section>\n\t\t\t\t<\/div>\n\t\t","protected":false},"excerpt":{"rendered":"<p>Buchungsanfrage Bitte stellen Sie Ihre Buchungsanfrage f\u00fcr die Hundebetreuung mit \u00dcbernachtung. W\u00e4hlen Sie das gew\u00fcnschte Anreise- und Abreisedatum (Check-in und Check-out), sowie die Anzahl der Hundeg\u00e4ste. Wir freuen uns auf Ihre Buchungsanfrage. Neue G\u00e4ste, welche noch nie bei uns in der Betreuung waren, oder bei Interesse an der Tagesbetreuung ohne \u00dcbernachtung, buchen bitte zun\u00e4chst ein [&hellip;]<\/p>\n","protected":false},"author":1,"featured_media":0,"parent":0,"menu_order":0,"comment_status":"closed","ping_status":"closed","template":"","meta":{"ocean_post_layout":"full-width","ocean_both_sidebars_style":"","ocean_both_sidebars_content_width":0,"ocean_both_sidebars_sidebars_width":0,"ocean_sidebar":"0","ocean_second_sidebar":"0","ocean_disable_margins":"enable","ocean_add_body_class":"","ocean_shortcode_before_top_bar":"","ocean_shortcode_after_top_bar":"","ocean_shortcode_before_header":"","ocean_shortcode_after_header":"","ocean_has_shortcode":"","ocean_shortcode_after_title":"","ocean_shortcode_before_footer_widgets":"","ocean_shortcode_after_footer_widgets":"","ocean_shortcode_before_footer_bottom":"","ocean_shortcode_after_footer_bottom":"","ocean_display_top_bar":"default","ocean_display_header":"default","ocean_header_style":"","ocean_center_header_left_menu":"0","ocean_custom_header_template":"0","ocean_custom_logo":0,"ocean_custom_retina_logo":0,"ocean_custom_logo_max_width":0,"ocean_custom_logo_tablet_max_width":0,"ocean_custom_logo_mobile_max_width":0,"ocean_custom_logo_max_height":0,"ocean_custom_logo_tablet_max_height":0,"ocean_custom_logo_mobile_max_height":0,"ocean_header_custom_menu":"0","ocean_menu_typo_font_family":"0","ocean_menu_typo_font_subset":"","ocean_menu_typo_font_size":0,"ocean_menu_typo_font_size_tablet":0,"ocean_menu_typo_font_size_mobile":0,"ocean_menu_typo_font_size_unit":"px","ocean_menu_typo_font_weight":"","ocean_menu_typo_font_weight_tablet":"","ocean_menu_typo_font_weight_mobile":"","ocean_menu_typo_transform":"","ocean_menu_typo_transform_tablet":"","ocean_menu_typo_transform_mobile":"","ocean_menu_typo_line_height":0,"ocean_menu_typo_line_height_tablet":0,"ocean_menu_typo_line_height_mobile":0,"ocean_menu_typo_line_height_unit":"","ocean_menu_typo_spacing":0,"ocean_menu_typo_spacing_tablet":0,"ocean_menu_typo_spacing_mobile":0,"ocean_menu_typo_spacing_unit":"","ocean_menu_link_color":"","ocean_menu_link_color_hover":"","ocean_menu_link_color_active":"","ocean_menu_link_background":"","ocean_menu_link_hover_background":"","ocean_menu_link_active_background":"","ocean_menu_social_links_bg":"","ocean_menu_social_hover_links_bg":"","ocean_menu_social_links_color":"","ocean_menu_social_hover_links_color":"","ocean_disable_title":"on","ocean_disable_heading":"default","ocean_post_title":"","ocean_post_subheading":"","ocean_post_title_style":"","ocean_post_title_background_color":"","ocean_post_title_background":0,"ocean_post_title_bg_image_position":"","ocean_post_title_bg_image_attachment":"","ocean_post_title_bg_image_repeat":"","ocean_post_title_bg_image_size":"","ocean_post_title_height":0,"ocean_post_title_bg_overlay":0.5,"ocean_post_title_bg_overlay_color":"","ocean_disable_breadcrumbs":"default","ocean_breadcrumbs_color":"","ocean_breadcrumbs_separator_color":"","ocean_breadcrumbs_links_color":"","ocean_breadcrumbs_links_hover_color":"","ocean_display_footer_widgets":"default","ocean_display_footer_bottom":"default","ocean_custom_footer_template":"0","footnotes":""},"class_list":["post-1904","page","type-page","status-publish","hentry","entry"],"aioseo_notices":[],"_links":{"self":[{"href":"https:\/\/hundemotel-ludwig.de\/en\/wp-json\/wp\/v2\/pages\/1904","targetHints":{"allow":["GET"]}}],"collection":[{"href":"https:\/\/hundemotel-ludwig.de\/en\/wp-json\/wp\/v2\/pages"}],"about":[{"href":"https:\/\/hundemotel-ludwig.de\/en\/wp-json\/wp\/v2\/types\/page"}],"author":[{"embeddable":true,"href":"https:\/\/hundemotel-ludwig.de\/en\/wp-json\/wp\/v2\/users\/1"}],"replies":[{"embeddable":true,"href":"https:\/\/hundemotel-ludwig.de\/en\/wp-json\/wp\/v2\/comments?post=1904"}],"version-history":[{"count":101,"href":"https:\/\/hundemotel-ludwig.de\/en\/wp-json\/wp\/v2\/pages\/1904\/revisions"}],"predecessor-version":[{"id":3396,"href":"https:\/\/hundemotel-ludwig.de\/en\/wp-json\/wp\/v2\/pages\/1904\/revisions\/3396"}],"wp:attachment":[{"href":"https:\/\/hundemotel-ludwig.de\/en\/wp-json\/wp\/v2\/media?parent=1904"}],"curies":[{"name":"wp","href":"https:\/\/api.w.org\/{rel}","templated":true}]}}