{"id":2607,"date":"2024-08-05T08:53:21","date_gmt":"2024-08-05T08:53:21","guid":{"rendered":"https:\/\/hundemotel-ludwig.de\/?page_id=2607"},"modified":"2025-01-03T13:07:10","modified_gmt":"2025-01-03T13:07:10","slug":"fellpflege","status":"publish","type":"page","link":"https:\/\/hundemotel-ludwig.de\/en\/fellpflege\/","title":{"rendered":"Grooming"},"content":{"rendered":"<div data-elementor-type=\"wp-page\" data-elementor-id=\"2607\" class=\"elementor elementor-2607\">\n\t\t\t\t\t\t<section class=\"elementor-section elementor-top-section elementor-element elementor-element-764d5b5 elementor-section-full_width elementor-section-height-default elementor-section-height-default\" data-id=\"764d5b5\" data-element_type=\"section\" data-e-type=\"section\">\n\t\t\t\t\t\t<div class=\"elementor-container elementor-column-gap-default\">\n\t\t\t\t\t<div class=\"elementor-column elementor-col-50 elementor-top-column elementor-element elementor-element-4215a9f\" data-id=\"4215a9f\" data-element_type=\"column\" data-e-type=\"column\">\n\t\t\t<div class=\"elementor-widget-wrap elementor-element-populated\">\n\t\t\t\t\t\t<div class=\"elementor-element elementor-element-55f2ed1 elementor-widget elementor-widget-image\" data-id=\"55f2ed1\" data-element_type=\"widget\" data-e-type=\"widget\" data-widget_type=\"image.default\">\n\t\t\t\t<div class=\"elementor-widget-container\">\n\t\t\t\t\t\t\t\t\t\t\t\t\t\t\t<img fetchpriority=\"high\" decoding=\"async\" width=\"1024\" height=\"768\" src=\"https:\/\/hundemotel-ludwig.de\/wp-content\/uploads\/2024\/08\/IMG_0528-1024x768.jpeg\" class=\"attachment-large size-large wp-image-2608\" alt=\"fellpflege - grooming\" srcset=\"https:\/\/hundemotel-ludwig.de\/wp-content\/uploads\/2024\/08\/IMG_0528-1024x768.jpeg 1024w, https:\/\/hundemotel-ludwig.de\/wp-content\/uploads\/2024\/08\/IMG_0528-300x225.jpeg 300w, https:\/\/hundemotel-ludwig.de\/wp-content\/uploads\/2024\/08\/IMG_0528-768x576.jpeg 768w, https:\/\/hundemotel-ludwig.de\/wp-content\/uploads\/2024\/08\/IMG_0528-1536x1152.jpeg 1536w, https:\/\/hundemotel-ludwig.de\/wp-content\/uploads\/2024\/08\/IMG_0528-2048x1536.jpeg 2048w, https:\/\/hundemotel-ludwig.de\/wp-content\/uploads\/2024\/08\/IMG_0528-16x12.jpeg 16w\" sizes=\"(max-width: 1024px) 100vw, 1024px\" \/>\t\t\t\t\t\t\t\t\t\t\t\t\t\t\t<\/div>\n\t\t\t\t<\/div>\n\t\t\t\t\t<\/div>\n\t\t<\/div>\n\t\t\t\t<div class=\"elementor-column elementor-col-50 elementor-top-column elementor-element elementor-element-b1bcda3\" data-id=\"b1bcda3\" data-element_type=\"column\" data-e-type=\"column\">\n\t\t\t<div class=\"elementor-widget-wrap elementor-element-populated\">\n\t\t\t\t\t\t<div class=\"elementor-element elementor-element-36ead5e elementor-widget elementor-widget-heading\" data-id=\"36ead5e\" data-element_type=\"widget\" data-e-type=\"widget\" data-widget_type=\"heading.default\">\n\t\t\t\t<div class=\"elementor-widget-container\">\n\t\t\t\t\t<h1 class=\"elementor-heading-title elementor-size-default\">Grooming<\/h1>\t\t\t\t<\/div>\n\t\t\t\t<\/div>\n\t\t\t\t<div class=\"elementor-element elementor-element-1b7daed elementor-view-framed elementor-shape-circle elementor-widget elementor-widget-icon\" data-id=\"1b7daed\" data-element_type=\"widget\" data-e-type=\"widget\" data-widget_type=\"icon.default\">\n\t\t\t\t<div class=\"elementor-widget-container\">\n\t\t\t\t\t\t\t<div class=\"elementor-icon-wrapper\">\n\t\t\t<div class=\"elementor-icon\">\n\t\t\t<i aria-hidden=\"true\" class=\"fas fa-hand-sparkles\"><\/i>\t\t\t<\/div>\n\t\t<\/div>\n\t\t\t\t\t\t<\/div>\n\t\t\t\t<\/div>\n\t\t\t\t<div class=\"elementor-element elementor-element-4241ea8 elementor-widget elementor-widget-text-editor\" data-id=\"4241ea8\" data-element_type=\"widget\" data-e-type=\"widget\" data-widget_type=\"text-editor.default\">\n\t\t\t\t<div class=\"elementor-widget-container\">\n\t\t\t\t\t\t\t\t\t<p>Our grooming service includes thorough brushing and the application of high-quality grooming products. This extra care not only ensures a nicely groomed and shiny coat but also contributes to your dog's well-being.<\/p><p>Treat your beloved four-legged friend to this special wellness experience.<\/p>\t\t\t\t\t\t\t\t<\/div>\n\t\t\t\t<\/div>\n\t\t\t\t\t<\/div>\n\t\t<\/div>\n\t\t\t\t\t<\/div>\n\t\t<\/section>\n\t\t\t\t<section class=\"elementor-section elementor-top-section elementor-element elementor-element-440b2ed elementor-section-boxed elementor-section-height-default elementor-section-height-default\" data-id=\"440b2ed\" data-element_type=\"section\" data-e-type=\"section\">\n\t\t\t\t\t\t<div class=\"elementor-container elementor-column-gap-default\">\n\t\t\t\t\t<div class=\"elementor-column elementor-col-100 elementor-top-column elementor-element elementor-element-8adb8f7\" data-id=\"8adb8f7\" data-element_type=\"column\" data-e-type=\"column\">\n\t\t\t<div class=\"elementor-widget-wrap elementor-element-populated\">\n\t\t\t\t\t\t<div class=\"elementor-element elementor-element-d6490cd elementor-widget elementor-widget-text-editor\" data-id=\"d6490cd\" data-element_type=\"widget\" data-e-type=\"widget\" data-widget_type=\"text-editor.default\">\n\t\t\t\t<div class=\"elementor-widget-container\">\n\t\t\t\t\t\t\t\t\t<p>Regular grooming offers numerous benefits for your dog:<\/p><ol><li class=\"translation-block\"><strong>Reduction of hair loss<\/strong>: Regular brushing removes loose hairs and reduces shedding.<\/li><li><strong>Prevention of matting<\/strong>: Brushing prevents the coat from matting and tangling, which can lead to skin irritations.<\/li><li><strong>Skin health<\/strong>: Brushing massages the skin and promotes blood circulation, which can improve skin health.<\/li><li><strong>Shiny coat<\/strong>: Grooming products give the coat a natural shine and keep it soft and smooth.<\/li><li><strong>Well-being<\/strong>: Many dogs enjoy grooming, which can contribute to improved overall well-being.\u00a0<\/li><\/ol><p>Our grooming service can be easily added to an existing booking at any time, even after the initial booking.\u00a0<\/p><p><strong><em>Please note that we do not offer full baths or haircuts. Our grooming service is designed as the perfect in-between care.<\/em><\/strong><\/p>\t\t\t\t\t\t\t\t<\/div>\n\t\t\t\t<\/div>\n\t\t\t\t<div class=\"elementor-element elementor-element-2d63311 elementor-button-info elementor-align-center elementor-widget elementor-widget-button\" data-id=\"2d63311\" data-element_type=\"widget\" data-e-type=\"widget\" data-widget_type=\"button.default\">\n\t\t\t\t<div class=\"elementor-widget-container\">\n\t\t\t\t\t\t\t\t\t<div class=\"elementor-button-wrapper\">\n\t\t\t\t\t<a class=\"elementor-button elementor-button-link elementor-size-sm\" href=\"https:\/\/hundemotel-ludwig.de\/en\/buchungsanfrage\/\">\n\t\t\t\t\t\t<span class=\"elementor-button-content-wrapper\">\n\t\t\t\t\t\t<span class=\"elementor-button-icon\">\n\t\t\t\t<i aria-hidden=\"true\" class=\"fas fa-arrow-circle-right\"><\/i>\t\t\t<\/span>\n\t\t\t\t\t\t\t\t\t<span class=\"elementor-button-text\">Online Booking<\/span>\n\t\t\t\t\t<\/span>\n\t\t\t\t\t<\/a>\n\t\t\t\t<\/div>\n\t\t\t\t\t\t\t\t<\/div>\n\t\t\t\t<\/div>\n\t\t\t\t\t<\/div>\n\t\t<\/div>\n\t\t\t\t\t<\/div>\n\t\t<\/section>\n\t\t\t\t<\/div>","protected":false},"excerpt":{"rendered":"<p>Fellpflege Unsere Fellpflege beinhaltet gr\u00fcndliches B\u00fcrsten und die Anwendung von hochwertigen Fellpflege-Produkten. Diese zus\u00e4tzliche Pflege sorgt nicht nur f\u00fcr ein gepflegtes und gl\u00e4nzendes Fell, sondern kann auch zur Gesundheit und zum Wohlbefinden Ihres Hundes beitragen. G\u00f6nnen Sie Ihrem liebsten Vierbeiner dieses besondere Wohlf\u00fchlerlebnis. Die regelm\u00e4\u00dfige Fellpflege bietet zahlreiche Vorteile f\u00fcr Ihren Hund: Reduzierung von Haarverlust: [&hellip;]<\/p>\n","protected":false},"author":1,"featured_media":0,"parent":0,"menu_order":0,"comment_status":"closed","ping_status":"closed","template":"","meta":{"ocean_post_layout":"full-width","ocean_both_sidebars_style":"","ocean_both_sidebars_content_width":0,"ocean_both_sidebars_sidebars_width":0,"ocean_sidebar":"","ocean_second_sidebar":"","ocean_disable_margins":"enable","ocean_add_body_class":"","ocean_shortcode_before_top_bar":"","ocean_shortcode_after_top_bar":"","ocean_shortcode_before_header":"","ocean_shortcode_after_header":"","ocean_has_shortcode":"","ocean_shortcode_after_title":"","ocean_shortcode_before_footer_widgets":"","ocean_shortcode_after_footer_widgets":"","ocean_shortcode_before_footer_bottom":"","ocean_shortcode_after_footer_bottom":"","ocean_display_top_bar":"default","ocean_display_header":"default","ocean_header_style":"","ocean_center_header_left_menu":"","ocean_custom_header_template":"","ocean_custom_logo":0,"ocean_custom_retina_logo":0,"ocean_custom_logo_max_width":0,"ocean_custom_logo_tablet_max_width":0,"ocean_custom_logo_mobile_max_width":0,"ocean_custom_logo_max_height":0,"ocean_custom_logo_tablet_max_height":0,"ocean_custom_logo_mobile_max_height":0,"ocean_header_custom_menu":"","ocean_menu_typo_font_family":"","ocean_menu_typo_font_subset":"","ocean_menu_typo_font_size":0,"ocean_menu_typo_font_size_tablet":0,"ocean_menu_typo_font_size_mobile":0,"ocean_menu_typo_font_size_unit":"px","ocean_menu_typo_font_weight":"","ocean_menu_typo_font_weight_tablet":"","ocean_menu_typo_font_weight_mobile":"","ocean_menu_typo_transform":"","ocean_menu_typo_transform_tablet":"","ocean_menu_typo_transform_mobile":"","ocean_menu_typo_line_height":0,"ocean_menu_typo_line_height_tablet":0,"ocean_menu_typo_line_height_mobile":0,"ocean_menu_typo_line_height_unit":"","ocean_menu_typo_spacing":0,"ocean_menu_typo_spacing_tablet":0,"ocean_menu_typo_spacing_mobile":0,"ocean_menu_typo_spacing_unit":"","ocean_menu_link_color":"","ocean_menu_link_color_hover":"","ocean_menu_link_color_active":"","ocean_menu_link_background":"","ocean_menu_link_hover_background":"","ocean_menu_link_active_background":"","ocean_menu_social_links_bg":"","ocean_menu_social_hover_links_bg":"","ocean_menu_social_links_color":"","ocean_menu_social_hover_links_color":"","ocean_disable_title":"on","ocean_disable_heading":"default","ocean_post_title":"","ocean_post_subheading":"","ocean_post_title_style":"","ocean_post_title_background_color":"","ocean_post_title_background":0,"ocean_post_title_bg_image_position":"","ocean_post_title_bg_image_attachment":"","ocean_post_title_bg_image_repeat":"","ocean_post_title_bg_image_size":"","ocean_post_title_height":0,"ocean_post_title_bg_overlay":0.5,"ocean_post_title_bg_overlay_color":"","ocean_disable_breadcrumbs":"default","ocean_breadcrumbs_color":"","ocean_breadcrumbs_separator_color":"","ocean_breadcrumbs_links_color":"","ocean_breadcrumbs_links_hover_color":"","ocean_display_footer_widgets":"default","ocean_display_footer_bottom":"default","ocean_custom_footer_template":"","footnotes":""},"class_list":["post-2607","page","type-page","status-publish","hentry","entry"],"aioseo_notices":[],"_links":{"self":[{"href":"https:\/\/hundemotel-ludwig.de\/en\/wp-json\/wp\/v2\/pages\/2607","targetHints":{"allow":["GET"]}}],"collection":[{"href":"https:\/\/hundemotel-ludwig.de\/en\/wp-json\/wp\/v2\/pages"}],"about":[{"href":"https:\/\/hundemotel-ludwig.de\/en\/wp-json\/wp\/v2\/types\/page"}],"author":[{"embeddable":true,"href":"https:\/\/hundemotel-ludwig.de\/en\/wp-json\/wp\/v2\/users\/1"}],"replies":[{"embeddable":true,"href":"https:\/\/hundemotel-ludwig.de\/en\/wp-json\/wp\/v2\/comments?post=2607"}],"version-history":[{"count":43,"href":"https:\/\/hundemotel-ludwig.de\/en\/wp-json\/wp\/v2\/pages\/2607\/revisions"}],"predecessor-version":[{"id":2912,"href":"https:\/\/hundemotel-ludwig.de\/en\/wp-json\/wp\/v2\/pages\/2607\/revisions\/2912"}],"wp:attachment":[{"href":"https:\/\/hundemotel-ludwig.de\/en\/wp-json\/wp\/v2\/media?parent=2607"}],"curies":[{"name":"wp","href":"https:\/\/api.w.org\/{rel}","templated":true}]}}