{"id":940,"date":"2022-02-10T16:25:44","date_gmt":"2022-02-10T16:25:44","guid":{"rendered":"https:\/\/hundemotelludwig.live-website.com\/?page_id=940"},"modified":"2025-08-06T20:06:08","modified_gmt":"2025-08-06T20:06:08","slug":"tagesbetreuung","status":"publish","type":"page","link":"https:\/\/hundemotel-ludwig.de\/en\/tagesbetreuung\/","title":{"rendered":"Day care"},"content":{"rendered":"\t\t<div data-elementor-type=\"wp-page\" data-elementor-id=\"940\" class=\"elementor elementor-940\">\n\t\t\t\t\t\t<section class=\"elementor-section elementor-top-section elementor-element elementor-element-d33ca61 elementor-section-full_width elementor-section-content-middle elementor-section-height-default elementor-section-height-default\" data-id=\"d33ca61\" data-element_type=\"section\" data-e-type=\"section\">\n\t\t\t\t\t\t<div class=\"elementor-container elementor-column-gap-default\">\n\t\t\t\t\t<div class=\"elementor-column elementor-col-50 elementor-top-column elementor-element elementor-element-2c73fc0\" data-id=\"2c73fc0\" data-element_type=\"column\" data-e-type=\"column\" data-settings=\"{&quot;background_background&quot;:&quot;classic&quot;}\">\n\t\t\t<div class=\"elementor-widget-wrap elementor-element-populated\">\n\t\t\t\t\t\t<div class=\"elementor-element elementor-element-d9603f1 elementor-widget elementor-widget-image\" data-id=\"d9603f1\" data-element_type=\"widget\" data-e-type=\"widget\" data-widget_type=\"image.default\">\n\t\t\t\t<div class=\"elementor-widget-container\">\n\t\t\t\t\t\t\t\t\t\t\t\t\t\t\t<img fetchpriority=\"high\" decoding=\"async\" width=\"640\" height=\"426\" src=\"https:\/\/hundemotel-ludwig.de\/wp-content\/uploads\/2022\/02\/Ludwig-Tagesbetreuung.jpeg\" class=\"attachment-medium_large size-medium_large wp-image-1369\" alt=\"\" srcset=\"https:\/\/hundemotel-ludwig.de\/wp-content\/uploads\/2022\/02\/Ludwig-Tagesbetreuung.jpeg 640w, https:\/\/hundemotel-ludwig.de\/wp-content\/uploads\/2022\/02\/Ludwig-Tagesbetreuung-300x200.jpeg 300w\" sizes=\"(max-width: 640px) 100vw, 640px\" \/>\t\t\t\t\t\t\t\t\t\t\t\t\t\t\t<\/div>\n\t\t\t\t<\/div>\n\t\t\t\t\t<\/div>\n\t\t<\/div>\n\t\t\t\t<div class=\"elementor-column elementor-col-50 elementor-top-column elementor-element elementor-element-5ed7fe3\" data-id=\"5ed7fe3\" data-element_type=\"column\" data-e-type=\"column\">\n\t\t\t<div class=\"elementor-widget-wrap elementor-element-populated\">\n\t\t\t\t\t\t<div class=\"elementor-element elementor-element-1e826dd elementor-widget elementor-widget-heading\" data-id=\"1e826dd\" data-element_type=\"widget\" data-e-type=\"widget\" data-widget_type=\"heading.default\">\n\t\t\t\t<div class=\"elementor-widget-container\">\n\t\t\t\t\t<h1 class=\"elementor-heading-title elementor-size-default\">Tagesbetreuung - ideal f\u00fcr lange Arbeitstage oder Events<\/h1>\t\t\t\t<\/div>\n\t\t\t\t<\/div>\n\t\t\t\t<div class=\"elementor-element elementor-element-259908a elementor-view-framed elementor-shape-circle elementor-widget elementor-widget-icon\" data-id=\"259908a\" data-element_type=\"widget\" data-e-type=\"widget\" data-widget_type=\"icon.default\">\n\t\t\t\t<div class=\"elementor-widget-container\">\n\t\t\t\t\t\t\t<div class=\"elementor-icon-wrapper\">\n\t\t\t<div class=\"elementor-icon\">\n\t\t\t<i aria-hidden=\"true\" class=\"fas fa-dog\"><\/i>\t\t\t<\/div>\n\t\t<\/div>\n\t\t\t\t\t\t<\/div>\n\t\t\t\t<\/div>\n\t\t\t\t<div class=\"elementor-element elementor-element-ab2a342 elementor-widget elementor-widget-text-editor\" data-id=\"ab2a342\" data-element_type=\"widget\" data-e-type=\"widget\" data-widget_type=\"text-editor.default\">\n\t\t\t\t<div class=\"elementor-widget-container\">\n\t\t\t\t\t\t\t\t\t<p>Wir verstehen, dass das t\u00e4gliche Leben manchmal sehr hektisch sein kann und viele Verpflichtungen mit sich bringt. Deshalb bieten wir Ihnen die Tagesbetreuung f\u00fcr Ihren Hund an und helfen Ihnen so dabei, Ihren Alltag etwas einfacher zu gestalten.<\/p>\t\t\t\t\t\t\t\t<\/div>\n\t\t\t\t<\/div>\n\t\t\t\t\t<\/div>\n\t\t<\/div>\n\t\t\t\t\t<\/div>\n\t\t<\/section>\n\t\t\t\t<section class=\"elementor-section elementor-top-section elementor-element elementor-element-fffd6d2 elementor-section-full_width elementor-section-content-middle elementor-section-height-default elementor-section-height-default\" data-id=\"fffd6d2\" data-element_type=\"section\" data-e-type=\"section\">\n\t\t\t\t\t\t<div class=\"elementor-container elementor-column-gap-default\">\n\t\t\t\t\t<div class=\"elementor-column elementor-col-50 elementor-top-column elementor-element elementor-element-88f7901\" data-id=\"88f7901\" data-element_type=\"column\" data-e-type=\"column\">\n\t\t\t<div class=\"elementor-widget-wrap elementor-element-populated\">\n\t\t\t\t\t\t<div class=\"elementor-element elementor-element-11b8396 elementor-widget elementor-widget-heading\" data-id=\"11b8396\" data-element_type=\"widget\" data-e-type=\"widget\" data-widget_type=\"heading.default\">\n\t\t\t\t<div class=\"elementor-widget-container\">\n\t\t\t\t\t<h2 class=\"elementor-heading-title elementor-size-default\">Tagesablauf<\/h2>\t\t\t\t<\/div>\n\t\t\t\t<\/div>\n\t\t\t\t<div class=\"elementor-element elementor-element-3507985 elementor-widget elementor-widget-text-editor\" data-id=\"3507985\" data-element_type=\"widget\" data-e-type=\"widget\" data-widget_type=\"text-editor.default\">\n\t\t\t\t<div class=\"elementor-widget-container\">\n\t\t\t\t\t\t\t\t\t<div class=\"flex-1 overflow-hidden\"><div class=\"react-scroll-to-bottom--css-lsxfl-79elbk h-full dark:bg-gray-800\"><div class=\"react-scroll-to-bottom--css-lsxfl-1n7m0yu\"><div class=\"flex flex-col items-center text-sm dark:bg-gray-800\"><div class=\"group w-full text-gray-800 dark:text-gray-100 border-b border-black\/10 dark:border-gray-900\/50 bg-gray-50 dark:bg-[#444654]\"><div class=\"text-base gap-4 md:gap-6 md:max-w-2xl lg:max-w-2xl xl:max-w-3xl p-4 md:py-6 flex lg:px-0 m-auto\"><div class=\"relative flex w-[calc(100%-50px)] flex-col gap-1 md:gap-3 lg:w-[calc(100%-115px)]\"><div class=\"flex flex-grow flex-col gap-3\"><div class=\"min-h-[20px] flex flex-col items-start gap-4 whitespace-pre-wrap\"><div class=\"markdown prose w-full break-words dark:prose-invert light\"><p>Ihr Hund ist bei uns in bester Gesellschaft. Wir haben viel Erfahrung im Umgang mit Hunden und wir wissen, wie wichtig es ist, dass er sich wohl und sicher f\u00fchlt. Unsere Hundebetreuung findet exklusiv in sehr kleinen Hundegruppen statt. So k\u00f6nnen wir Ihrem Hund die verdiente Aufmerksamkeit schenken und die Pflege bieten, die er ben\u00f6tigt.<\/p><p>Unsere Tagesbetreuung kann nach Absprache gebucht werden. Wir k\u00f6nnen auch kurzfristige Termine f\u00fcr bekannte G\u00e4ste vergeben und An- und Abreise k\u00f6nnen individuell (in den \u00d6ffnungszeiten) vereinbart werden. <strong>Eine Tagesbetreuung ist bei uns zu den \u00d6ffnungszeiten (11 bis 20 Uhr, nach Vereinbarung bis 22 Uhr) m\u00f6glich.\u00a0<\/strong><\/p><\/div><\/div><\/div><\/div><\/div><\/div><\/div><\/div><\/div><\/div>\t\t\t\t\t\t\t\t<\/div>\n\t\t\t\t<\/div>\n\t\t\t\t\t<\/div>\n\t\t<\/div>\n\t\t\t\t<div class=\"elementor-column elementor-col-50 elementor-top-column elementor-element elementor-element-8bbc49e\" data-id=\"8bbc49e\" data-element_type=\"column\" data-e-type=\"column\" data-settings=\"{&quot;background_background&quot;:&quot;classic&quot;}\">\n\t\t\t<div class=\"elementor-widget-wrap elementor-element-populated\">\n\t\t\t\t\t\t<div class=\"elementor-element elementor-element-20cddc5 elementor-widget elementor-widget-image\" data-id=\"20cddc5\" data-element_type=\"widget\" data-e-type=\"widget\" data-widget_type=\"image.default\">\n\t\t\t\t<div class=\"elementor-widget-container\">\n\t\t\t\t\t\t\t\t\t\t\t\t\t\t\t<img decoding=\"async\" width=\"768\" height=\"575\" src=\"https:\/\/hundemotel-ludwig.de\/wp-content\/uploads\/2022\/02\/A1FE0BBE_DAFE_49C2_93C5_95CAB627415D-768x575.jpeg\" class=\"attachment-medium_large size-medium_large wp-image-1370\" alt=\"\" srcset=\"https:\/\/hundemotel-ludwig.de\/wp-content\/uploads\/2022\/02\/A1FE0BBE_DAFE_49C2_93C5_95CAB627415D-768x575.jpeg 768w, https:\/\/hundemotel-ludwig.de\/wp-content\/uploads\/2022\/02\/A1FE0BBE_DAFE_49C2_93C5_95CAB627415D-300x225.jpeg 300w, https:\/\/hundemotel-ludwig.de\/wp-content\/uploads\/2022\/02\/A1FE0BBE_DAFE_49C2_93C5_95CAB627415D-1024x766.jpeg 1024w, https:\/\/hundemotel-ludwig.de\/wp-content\/uploads\/2022\/02\/A1FE0BBE_DAFE_49C2_93C5_95CAB627415D.jpeg 1280w\" sizes=\"(max-width: 768px) 100vw, 768px\" \/>\t\t\t\t\t\t\t\t\t\t\t\t\t\t\t<\/div>\n\t\t\t\t<\/div>\n\t\t\t\t\t<\/div>\n\t\t<\/div>\n\t\t\t\t\t<\/div>\n\t\t<\/section>\n\t\t\t\t<section class=\"elementor-section elementor-top-section elementor-element elementor-element-a6cc987 elementor-section-boxed elementor-section-height-default elementor-section-height-default\" data-id=\"a6cc987\" data-element_type=\"section\" data-e-type=\"section\">\n\t\t\t\t\t\t<div class=\"elementor-container elementor-column-gap-default\">\n\t\t\t\t\t<div class=\"elementor-column elementor-col-100 elementor-top-column elementor-element elementor-element-79efd23\" data-id=\"79efd23\" data-element_type=\"column\" data-e-type=\"column\">\n\t\t\t<div class=\"elementor-widget-wrap elementor-element-populated\">\n\t\t\t\t\t\t<div class=\"elementor-element elementor-element-4bdca9a elementor-widget-divider--separator-type-pattern elementor-widget-divider--view-line elementor-widget elementor-widget-divider\" data-id=\"4bdca9a\" data-element_type=\"widget\" data-e-type=\"widget\" data-widget_type=\"divider.default\">\n\t\t\t\t<div class=\"elementor-widget-container\">\n\t\t\t\t\t\t\t<div class=\"elementor-divider\" style=\"--divider-pattern-url: url(&quot;data:image\/svg+xml,%3Csvg xmlns=&#039;http:\/\/www.w3.org\/2000\/svg&#039; preserveAspectRatio=&#039;none&#039; overflow=&#039;visible&#039; height=&#039;100%&#039; viewBox=&#039;0 0 24 24&#039; fill=&#039;none&#039; stroke=&#039;black&#039; stroke-width=&#039;1&#039; stroke-linecap=&#039;square&#039; stroke-miterlimit=&#039;10&#039;%3E%3Cpath d=&#039;M0,21c3.3,0,8.3-0.9,15.7-7.1c6.6-5.4,4.4-9.3,2.4-10.3c-3.4-1.8-7.7,1.3-7.3,8.8C11.2,20,17.1,21,24,21&#039;\/%3E%3C\/svg%3E&quot;);\">\n\t\t\t<span class=\"elementor-divider-separator\">\n\t\t\t\t\t\t<\/span>\n\t\t<\/div>\n\t\t\t\t\t\t<\/div>\n\t\t\t\t<\/div>\n\t\t\t\t<div class=\"elementor-element elementor-element-3eb28f7 elementor-widget elementor-widget-text-editor\" data-id=\"3eb28f7\" data-element_type=\"widget\" data-e-type=\"widget\" data-widget_type=\"text-editor.default\">\n\t\t\t\t<div class=\"elementor-widget-container\">\n\t\t\t\t\t\t\t\t\t<div class=\"flex-1 overflow-hidden\"><div class=\"react-scroll-to-bottom--css-lsxfl-79elbk h-full dark:bg-gray-800\"><div class=\"react-scroll-to-bottom--css-lsxfl-1n7m0yu\"><div class=\"flex flex-col items-center text-sm dark:bg-gray-800\"><div class=\"group w-full text-gray-800 dark:text-gray-100 border-b border-black\/10 dark:border-gray-900\/50 bg-gray-50 dark:bg-[#444654]\"><div class=\"text-base gap-4 md:gap-6 md:max-w-2xl lg:max-w-2xl xl:max-w-3xl p-4 md:py-6 flex lg:px-0 m-auto\"><div class=\"relative flex w-[calc(100%-50px)] flex-col gap-1 md:gap-3 lg:w-[calc(100%-115px)]\"><div class=\"flex flex-grow flex-col gap-3\"><div class=\"min-h-[20px] flex flex-col items-start gap-4 whitespace-pre-wrap\"><div class=\"markdown prose w-full break-words dark:prose-invert light\"><p>Unser Tagesablauf richtet sich nach den Bed\u00fcrfnissen und Vorlieben Ihres Hundes. Wir gehen regelm\u00e4\u00dfig spazieren, spielen, kuscheln und f\u00fcttern die Hunde. Gerne passen wir uns an und ber\u00fccksichtigen spezielle Bed\u00fcrfnisse wie bestimmte F\u00fctterungszeiten, bestimmte Kommandos oder \u00dcbungen zum Apportieren. Wenn Sie spezielle Anforderungen haben, sprechen Sie uns einfach darauf an und wir werden unser Bestes tun, um sie zu erf\u00fcllen.<\/p><p>Bei uns bekommt Ihr Hund auch den artgerechten Auslauf, den er ben\u00f6tigt. Wir sind gerne drau\u00dfen unterwegs und erkunden gemeinsam mit den Hunden die Umgebung. Allerdings m\u00fcssen wir aus versicherungstechnischen Gr\u00fcnden die Hunde immer an der Leine f\u00fchren.<\/p><p>Wir m\u00f6chten, dass Ihr Hund bei uns einen wunderbaren Tag verbringt und Sie sich darauf verlassen k\u00f6nnen, dass er in guten H\u00e4nden ist. Wenn Sie weitere Fragen haben oder die Tagesbetreuung f\u00fcr Ihren Hund buchen m\u00f6chten, z\u00f6gern Sie bitte nicht, <a href=\"https:\/\/hundemotel-ludwig.de\/kontakt\/\">uns zu kontaktieren<\/a>. Wir freuen uns darauf, von Ihnen zu h\u00f6ren!<\/p><\/div><\/div><\/div><\/div><\/div><\/div><\/div><\/div><\/div><\/div><p>Bitte beachten Sie unsere <strong><a href=\"https:\/\/hundemotel-ludwig.de\/agb\/\">Allgemeinen Gesch\u00e4ftsbedingungen<\/a><\/strong>.<\/p>\t\t\t\t\t\t\t\t<\/div>\n\t\t\t\t<\/div>\n\t\t\t\t\t<\/div>\n\t\t<\/div>\n\t\t\t\t\t<\/div>\n\t\t<\/section>\n\t\t\t\t<\/div>\n\t\t","protected":false},"excerpt":{"rendered":"<p>Tagesbetreuung &#8211; ideal f\u00fcr lange Arbeitstage oder Events Wir verstehen, dass das t\u00e4gliche Leben manchmal sehr hektisch sein kann und viele Verpflichtungen mit sich bringt. Deshalb bieten wir Ihnen die Tagesbetreuung f\u00fcr Ihren Hund an und helfen Ihnen so dabei, Ihren Alltag etwas einfacher zu gestalten. Tagesablauf Ihr Hund ist bei uns in bester Gesellschaft. [&hellip;]<\/p>\n","protected":false},"author":1,"featured_media":0,"parent":0,"menu_order":2,"comment_status":"closed","ping_status":"closed","template":"","meta":{"ocean_post_layout":"full-width","ocean_both_sidebars_style":"","ocean_both_sidebars_content_width":0,"ocean_both_sidebars_sidebars_width":0,"ocean_sidebar":"0","ocean_second_sidebar":"0","ocean_disable_margins":"enable","ocean_add_body_class":"","ocean_shortcode_before_top_bar":"","ocean_shortcode_after_top_bar":"","ocean_shortcode_before_header":"","ocean_shortcode_after_header":"","ocean_has_shortcode":"","ocean_shortcode_after_title":"","ocean_shortcode_before_footer_widgets":"","ocean_shortcode_after_footer_widgets":"","ocean_shortcode_before_footer_bottom":"","ocean_shortcode_after_footer_bottom":"","ocean_display_top_bar":"default","ocean_display_header":"default","ocean_header_style":"","ocean_center_header_left_menu":"0","ocean_custom_header_template":"0","ocean_custom_logo":0,"ocean_custom_retina_logo":0,"ocean_custom_logo_max_width":0,"ocean_custom_logo_tablet_max_width":0,"ocean_custom_logo_mobile_max_width":0,"ocean_custom_logo_max_height":0,"ocean_custom_logo_tablet_max_height":0,"ocean_custom_logo_mobile_max_height":0,"ocean_header_custom_menu":"0","ocean_menu_typo_font_family":"0","ocean_menu_typo_font_subset":"","ocean_menu_typo_font_size":0,"ocean_menu_typo_font_size_tablet":0,"ocean_menu_typo_font_size_mobile":0,"ocean_menu_typo_font_size_unit":"px","ocean_menu_typo_font_weight":"","ocean_menu_typo_font_weight_tablet":"","ocean_menu_typo_font_weight_mobile":"","ocean_menu_typo_transform":"","ocean_menu_typo_transform_tablet":"","ocean_menu_typo_transform_mobile":"","ocean_menu_typo_line_height":0,"ocean_menu_typo_line_height_tablet":0,"ocean_menu_typo_line_height_mobile":0,"ocean_menu_typo_line_height_unit":"","ocean_menu_typo_spacing":0,"ocean_menu_typo_spacing_tablet":0,"ocean_menu_typo_spacing_mobile":0,"ocean_menu_typo_spacing_unit":"","ocean_menu_link_color":"","ocean_menu_link_color_hover":"","ocean_menu_link_color_active":"","ocean_menu_link_background":"","ocean_menu_link_hover_background":"","ocean_menu_link_active_background":"","ocean_menu_social_links_bg":"","ocean_menu_social_hover_links_bg":"","ocean_menu_social_links_color":"","ocean_menu_social_hover_links_color":"","ocean_disable_title":"on","ocean_disable_heading":"default","ocean_post_title":"","ocean_post_subheading":"","ocean_post_title_style":"","ocean_post_title_background_color":"","ocean_post_title_background":0,"ocean_post_title_bg_image_position":"","ocean_post_title_bg_image_attachment":"","ocean_post_title_bg_image_repeat":"","ocean_post_title_bg_image_size":"","ocean_post_title_height":0,"ocean_post_title_bg_overlay":0.5,"ocean_post_title_bg_overlay_color":"","ocean_disable_breadcrumbs":"default","ocean_breadcrumbs_color":"","ocean_breadcrumbs_separator_color":"","ocean_breadcrumbs_links_color":"","ocean_breadcrumbs_links_hover_color":"","ocean_display_footer_widgets":"default","ocean_display_footer_bottom":"default","ocean_custom_footer_template":"0","footnotes":""},"class_list":["post-940","page","type-page","status-publish","hentry","entry"],"aioseo_notices":[],"_links":{"self":[{"href":"https:\/\/hundemotel-ludwig.de\/en\/wp-json\/wp\/v2\/pages\/940","targetHints":{"allow":["GET"]}}],"collection":[{"href":"https:\/\/hundemotel-ludwig.de\/en\/wp-json\/wp\/v2\/pages"}],"about":[{"href":"https:\/\/hundemotel-ludwig.de\/en\/wp-json\/wp\/v2\/types\/page"}],"author":[{"embeddable":true,"href":"https:\/\/hundemotel-ludwig.de\/en\/wp-json\/wp\/v2\/users\/1"}],"replies":[{"embeddable":true,"href":"https:\/\/hundemotel-ludwig.de\/en\/wp-json\/wp\/v2\/comments?post=940"}],"version-history":[{"count":51,"href":"https:\/\/hundemotel-ludwig.de\/en\/wp-json\/wp\/v2\/pages\/940\/revisions"}],"predecessor-version":[{"id":3379,"href":"https:\/\/hundemotel-ludwig.de\/en\/wp-json\/wp\/v2\/pages\/940\/revisions\/3379"}],"wp:attachment":[{"href":"https:\/\/hundemotel-ludwig.de\/en\/wp-json\/wp\/v2\/media?parent=940"}],"curies":[{"name":"wp","href":"https:\/\/api.w.org\/{rel}","templated":true}]}}